{"id":248,"date":"2024-09-16T18:03:34","date_gmt":"2024-09-16T18:03:34","guid":{"rendered":"https:\/\/pettaplace.se\/domains\/PreciousFash\/?page_id=248"},"modified":"2025-01-05T13:12:54","modified_gmt":"2025-01-05T13:12:54","slug":"kontakt","status":"publish","type":"page","link":"https:\/\/clshine.se\/index.php\/kontakt\/","title":{"rendered":"Kontakt"},"content":{"rendered":"\t\t<div data-elementor-type=\"wp-page\" data-elementor-id=\"248\" class=\"elementor elementor-248\" data-elementor-post-type=\"page\">\n\t\t\t\t<div class=\"elementor-element elementor-element-56778ca e-flex e-con-boxed e-con e-parent\" data-id=\"56778ca\" data-element_type=\"container\">\n\t\t\t\t\t<div class=\"e-con-inner\">\n\t\t<div class=\"elementor-element elementor-element-70101df e-con-full e-flex e-con e-child\" data-id=\"70101df\" data-element_type=\"container\">\n\t\t\t\t<div class=\"elementor-element elementor-element-a075dcf elementor-widget elementor-widget-text-editor\" data-id=\"a075dcf\" data-element_type=\"widget\" data-widget_type=\"text-editor.default\">\n\t\t\t\t\t\t\t\t\t<div class=\"box box-contact-email\"><h2 class=\"contact-title box-title\">Innan du kontaktar oss<\/h2><p class=\"contact-title box-title\">F\u00f6r ett snabbare svar, har du granskat informationen nedan?<\/p><\/div><div class=\"box box-contact-chatbot\"><h4 class=\"contact-title box-title\">Har du konsulterat v\u00e5r chattrobot?<\/h4><p class=\"box-content\">V\u00e5r chattbot \u00e4r utrustad f\u00f6r att svara p\u00e5 m\u00e5nga vanliga fr\u00e5gor och kan ha den information du letar efter.<\/p><\/div><div class=\"box box-contact-account\"><h4 class=\"contact-title box-title\">Har du kollat ditt kontodashboard?<\/h4><p class=\"box-content\">Du kan se din best\u00e4llningsstatus, returstatus och mycket mer direkt fr\u00e5n ditt kontodashboard.<\/p><\/div><div class=\"box box-contact-faqs\"><h4 class=\"contact-title box-title\">Har du tittat igenom v\u00e5ra vanliga fr\u00e5gor?<\/h4><p class=\"box-content\">Vi har en omfattande lista med vanliga fr\u00e5gor som kanske kan besvara din oro.<\/p><\/div><div class=\"box box-contact-policies\"><h4 class=\"contact-title box-title\">Har du granskat v\u00e5ra policys?<\/h4><p class=\"box-content\">F\u00f6r fr\u00e5gor som r\u00f6r\u00a0<a href=\"https:\/\/www.glamira.se\/return-policy\/\">returer<\/a>,\u00a0<a href=\"https:\/\/www.glamira.se\/fraktpolicy\/\">frakt<\/a>, eller\u00a0<a href=\"https:\/\/www.glamira.se\/betalningsmetoder\/\">betalningar<\/a>, erbjuder v\u00e5r policy-sida detaljerade f\u00f6rklaringar.<\/p><\/div><div class=\"box box-contact-edu\"><h4 class=\"contact-title box-title\">Har du utforskat v\u00e5ra guider och utbildningsresurser?<\/h4><p class=\"box-content\">Utforska v\u00e5r online-utbildningsplattform d\u00e4r du kan uppt\u00e4cka en m\u00e4ngd information om smyckesv\u00e4rlden.<\/p><\/div>\t\t\t\t\t\t\t\t<\/div>\n\t\t\t\t<\/div>\n\t\t<div class=\"elementor-element elementor-element-f6cc7da e-con-full e-flex e-con e-child\" data-id=\"f6cc7da\" data-element_type=\"container\">\n\t\t\t\t<div class=\"elementor-element elementor-element-1785246 elementor-button-align-start elementor-tablet-button-align-center elementor-widget elementor-widget-form\" data-id=\"1785246\" data-element_type=\"widget\" data-settings=\"{&quot;step_next_label&quot;:&quot;Next&quot;,&quot;step_previous_label&quot;:&quot;Previous&quot;,&quot;button_width&quot;:&quot;100&quot;,&quot;step_type&quot;:&quot;number_text&quot;,&quot;step_icon_shape&quot;:&quot;circle&quot;}\" data-widget_type=\"form.default\">\n\t\t\t\t\t\t\t<form class=\"elementor-form\" method=\"post\" name=\"Contact Form\" aria-label=\"Contact Form\">\n\t\t\t<input type=\"hidden\" name=\"post_id\" value=\"248\"\/>\n\t\t\t<input type=\"hidden\" name=\"form_id\" value=\"1785246\"\/>\n\t\t\t<input type=\"hidden\" name=\"referer_title\" value=\"Kontakt\" \/>\n\n\t\t\t\t\t\t\t<input type=\"hidden\" name=\"queried_id\" value=\"248\"\/>\n\t\t\t\n\t\t\t<div class=\"elementor-form-fields-wrapper elementor-labels-\">\n\t\t\t\t\t\t\t\t<div class=\"elementor-field-type-text elementor-field-group elementor-column elementor-field-group-name elementor-col-50 elementor-field-required\">\n\t\t\t\t\t\t\t\t\t\t\t\t<label for=\"form-field-name\" class=\"elementor-field-label elementor-screen-only\">\n\t\t\t\t\t\t\t\tYour Name\t\t\t\t\t\t\t<\/label>\n\t\t\t\t\t\t\t\t\t\t\t\t\t\t<input size=\"1\" type=\"text\" name=\"form_fields[name]\" id=\"form-field-name\" class=\"elementor-field elementor-size-sm  elementor-field-textual\" placeholder=\"Ditt Namn*\" required=\"required\">\n\t\t\t\t\t\t\t\t\t\t\t<\/div>\n\t\t\t\t\t\t\t\t<div class=\"elementor-field-type-text elementor-field-group elementor-column elementor-field-group-field_b743cd7 elementor-col-50 elementor-field-required\">\n\t\t\t\t\t\t\t\t\t\t\t\t<label for=\"form-field-field_b743cd7\" class=\"elementor-field-label elementor-screen-only\">\n\t\t\t\t\t\t\t\tLast Name\t\t\t\t\t\t\t<\/label>\n\t\t\t\t\t\t\t\t\t\t\t\t\t\t<input size=\"1\" type=\"text\" name=\"form_fields[field_b743cd7]\" id=\"form-field-field_b743cd7\" class=\"elementor-field elementor-size-sm  elementor-field-textual\" placeholder=\"Efter Namn*\" required=\"required\">\n\t\t\t\t\t\t\t\t\t\t\t<\/div>\n\t\t\t\t\t\t\t\t<div class=\"elementor-field-type-tel elementor-field-group elementor-column elementor-field-group-field_6c180a9 elementor-col-50 elementor-field-required\">\n\t\t\t\t\t\t\t\t\t\t\t\t<label for=\"form-field-field_6c180a9\" class=\"elementor-field-label elementor-screen-only\">\n\t\t\t\t\t\t\t\tPhone Number\t\t\t\t\t\t\t<\/label>\n\t\t\t\t\t\t\t\t<input size=\"1\" type=\"tel\" name=\"form_fields[field_6c180a9]\" id=\"form-field-field_6c180a9\" class=\"elementor-field elementor-size-sm  elementor-field-textual\" placeholder=\"Tele nr*\" required=\"required\" pattern=\"[0-9()#&amp;+*-=.]+\" title=\"Endast siffror och telefontecken (#, -, *, etc) accepteras.\">\n\n\t\t\t\t\t\t<\/div>\n\t\t\t\t\t\t\t\t<div class=\"elementor-field-type-email elementor-field-group elementor-column elementor-field-group-email elementor-col-50 elementor-field-required\">\n\t\t\t\t\t\t\t\t\t\t\t\t<label for=\"form-field-email\" class=\"elementor-field-label elementor-screen-only\">\n\t\t\t\t\t\t\t\tEmail\t\t\t\t\t\t\t<\/label>\n\t\t\t\t\t\t\t\t\t\t\t\t\t\t<input size=\"1\" type=\"email\" name=\"form_fields[email]\" id=\"form-field-email\" class=\"elementor-field elementor-size-sm  elementor-field-textual\" placeholder=\"E-mail*\" required=\"required\">\n\t\t\t\t\t\t\t\t\t\t\t<\/div>\n\t\t\t\t\t\t\t\t<div class=\"elementor-field-type-select elementor-field-group elementor-column elementor-field-group-field_8f8ac9c elementor-col-100\">\n\t\t\t\t\t\t\t\t\t\t\t\t<label for=\"form-field-field_8f8ac9c\" class=\"elementor-field-label elementor-screen-only\">\n\t\t\t\t\t\t\t\tKontakt Ang\t\t\t\t\t\t\t<\/label>\n\t\t\t\t\t\t\t\t<div class=\"elementor-field elementor-select-wrapper remove-before \">\n\t\t\t<div class=\"select-caret-down-wrapper\">\n\t\t\t\t<svg aria-hidden=\"true\" class=\"e-font-icon-svg e-eicon-caret-down\" viewBox=\"0 0 571.4 571.4\" xmlns=\"http:\/\/www.w3.org\/2000\/svg\"><path d=\"M571 393Q571 407 561 418L311 668Q300 679 286 679T261 668L11 418Q0 407 0 393T11 368 36 357H536Q550 357 561 368T571 393Z\"><\/path><\/svg>\t\t\t<\/div>\n\t\t\t<select name=\"form_fields[field_8f8ac9c]\" id=\"form-field-field_8f8ac9c\" class=\"elementor-field-textual elementor-size-sm\">\n\t\t\t\t\t\t\t\t\t<option value=\"Webbsidan\">Webbsidan<\/option>\n\t\t\t\t\t\t\t\t\t<option value=\"Ekonomi\">Ekonomi<\/option>\n\t\t\t\t\t\t\t\t\t<option value=\"Annat\">Annat<\/option>\n\t\t\t\t\t\t\t<\/select>\n\t\t<\/div>\n\t\t\t\t\t\t<\/div>\n\t\t\t\t\t\t\t\t<div class=\"elementor-field-type-textarea elementor-field-group elementor-column elementor-field-group-message elementor-col-100\">\n\t\t\t\t\t\t\t\t\t\t\t\t<label for=\"form-field-message\" class=\"elementor-field-label elementor-screen-only\">\n\t\t\t\t\t\t\t\tMessage\t\t\t\t\t\t\t<\/label>\n\t\t\t\t\t\t<textarea class=\"elementor-field-textual elementor-field  elementor-size-sm\" name=\"form_fields[message]\" id=\"form-field-message\" rows=\"4\" placeholder=\"Medelande\"><\/textarea>\t\t\t\t<\/div>\n\t\t\t\t\t\t\t\t<div class=\"elementor-field-group elementor-column elementor-field-type-submit elementor-col-100 e-form__buttons\">\n\t\t\t\t\t<button class=\"elementor-button elementor-size-sm\" type=\"submit\">\n\t\t\t\t\t\t<span class=\"elementor-button-content-wrapper\">\n\t\t\t\t\t\t\t\t\t\t\t\t\t\t\t<span class=\"elementor-button-icon\">\n\t\t\t\t\t\t\t\t\t<svg aria-hidden=\"true\" class=\"e-font-icon-svg e-far-circle\" viewBox=\"0 0 512 512\" xmlns=\"http:\/\/www.w3.org\/2000\/svg\"><path d=\"M256 8C119 8 8 119 8 256s111 248 248 248 248-111 248-248S393 8 256 8zm0 448c-110.5 0-200-89.5-200-200S145.5 56 256 56s200 89.5 200 200-89.5 200-200 200z\"><\/path><\/svg>\t\t\t\t\t\t\t\t\t\t\t\t\t\t\t\t\t<\/span>\n\t\t\t\t\t\t\t\t\t\t\t\t\t\t\t\t\t\t\t\t\t\t<span class=\"elementor-button-text\">Skicka Meddelande<\/span>\n\t\t\t\t\t\t\t\t\t\t\t\t\t<\/span>\n\t\t\t\t\t<\/button>\n\t\t\t\t<\/div>\n\t\t\t<\/div>\n\t\t<\/form>\n\t\t\t\t\t\t<\/div>\n\t\t\t\t<\/div>\n\t\t\t\t\t<\/div>\n\t\t\t\t<\/div>\n\t\t\t\t<\/div>\n\t\t","protected":false},"excerpt":{"rendered":"<p>Innan du kontaktar oss F\u00f6r ett snabbare svar, har du granskat informationen nedan? Har du konsulterat v\u00e5r chattrobot? V\u00e5r chattbot \u00e4r utrustad f\u00f6r att svara p\u00e5 m\u00e5nga vanliga fr\u00e5gor och kan ha den information du letar efter. Har du kollat ditt kontodashboard? Du kan se din best\u00e4llningsstatus, returstatus och mycket mer direkt fr\u00e5n ditt kontodashboard. [&hellip;]<\/p>\n","protected":false},"author":1,"featured_media":0,"parent":0,"menu_order":0,"comment_status":"closed","ping_status":"closed","template":"","meta":{"footnotes":""},"class_list":["post-248","page","type-page","status-publish","hentry","entry","owp-thumbs-layout-horizontal","owp-btn-big","owp-tabs-layout-vertical","has-no-thumbnails","has-product-nav","circle-sale"],"_links":{"self":[{"href":"https:\/\/clshine.se\/index.php\/wp-json\/wp\/v2\/pages\/248","targetHints":{"allow":["GET"]}}],"collection":[{"href":"https:\/\/clshine.se\/index.php\/wp-json\/wp\/v2\/pages"}],"about":[{"href":"https:\/\/clshine.se\/index.php\/wp-json\/wp\/v2\/types\/page"}],"author":[{"embeddable":true,"href":"https:\/\/clshine.se\/index.php\/wp-json\/wp\/v2\/users\/1"}],"replies":[{"embeddable":true,"href":"https:\/\/clshine.se\/index.php\/wp-json\/wp\/v2\/comments?post=248"}],"version-history":[{"count":103,"href":"https:\/\/clshine.se\/index.php\/wp-json\/wp\/v2\/pages\/248\/revisions"}],"predecessor-version":[{"id":1120,"href":"https:\/\/clshine.se\/index.php\/wp-json\/wp\/v2\/pages\/248\/revisions\/1120"}],"wp:attachment":[{"href":"https:\/\/clshine.se\/index.php\/wp-json\/wp\/v2\/media?parent=248"}],"curies":[{"name":"wp","href":"https:\/\/api.w.org\/{rel}","templated":true}]}}