{"id":38,"date":"2024-09-11T12:42:35","date_gmt":"2024-09-11T12:42:35","guid":{"rendered":"https:\/\/pettaplace.se\/domains\/PreciousFash\/?page_id=38"},"modified":"2025-08-20T04:04:41","modified_gmt":"2025-08-20T04:04:41","slug":"start","status":"publish","type":"page","link":"https:\/\/clshine.se\/","title":{"rendered":"Start"},"content":{"rendered":"\t\t<div data-elementor-type=\"wp-page\" data-elementor-id=\"38\" class=\"elementor elementor-38\" data-elementor-post-type=\"page\">\n\t\t\t\t<div class=\"elementor-element elementor-element-56e387a6 e-con-full e-flex e-con e-parent\" data-id=\"56e387a6\" data-element_type=\"container\">\n\t\t<div class=\"elementor-element elementor-element-460c03ed e-con-full e-flex e-con e-child\" data-id=\"460c03ed\" data-element_type=\"container\">\n\t\t\t\t<div class=\"elementor-element elementor-element-47384c61 elementor-widget elementor-widget-image\" data-id=\"47384c61\" data-element_type=\"widget\" data-widget_type=\"image.default\">\n\t\t\t\t\t\t\t\t\t\t\t\t\t\t\t<img fetchpriority=\"high\" decoding=\"async\" width=\"1024\" height=\"1024\" src=\"https:\/\/clshine.se\/wp-content\/uploads\/2024\/12\/s-l1600-Photoroom-1-1024x1024.webp\" class=\"attachment-large size-large wp-image-561\" alt=\"\" srcset=\"https:\/\/clshine.se\/wp-content\/uploads\/2024\/12\/s-l1600-Photoroom-1-1024x1024.webp 1024w, https:\/\/clshine.se\/wp-content\/uploads\/2024\/12\/s-l1600-Photoroom-1-150x150.webp 150w, https:\/\/clshine.se\/wp-content\/uploads\/2024\/12\/s-l1600-Photoroom-1-100x100.webp 100w, https:\/\/clshine.se\/wp-content\/uploads\/2024\/12\/s-l1600-Photoroom-1-500x500.webp 500w, https:\/\/clshine.se\/wp-content\/uploads\/2024\/12\/s-l1600-Photoroom-1-300x300.webp 300w, https:\/\/clshine.se\/wp-content\/uploads\/2024\/12\/s-l1600-Photoroom-1-768x768.webp 768w, https:\/\/clshine.se\/wp-content\/uploads\/2024\/12\/s-l1600-Photoroom-1-600x600.webp 600w, https:\/\/clshine.se\/wp-content\/uploads\/2024\/12\/s-l1600-Photoroom-1.webp 1280w\" sizes=\"(max-width: 1024px) 100vw, 1024px\" \/>\t\t\t\t\t\t\t\t\t\t\t\t\t\t\t<\/div>\n\t\t\t\t<\/div>\n\t\t<div class=\"elementor-element elementor-element-7cb5deaf e-con-full e-flex e-con e-child\" data-id=\"7cb5deaf\" data-element_type=\"container\">\n\t\t\t\t<div class=\"elementor-element elementor-element-aa7174f elementor-widget elementor-widget-heading\" data-id=\"aa7174f\" data-element_type=\"widget\" data-widget_type=\"heading.default\">\n\t\t\t\t\t<h3 class=\"elementor-heading-title elementor-size-default\">M\u00e5nadens DEAL<\/h3>\t\t\t\t<\/div>\n\t\t\t\t<div class=\"elementor-element elementor-element-4b5372e7 elementor-widget elementor-widget-text-editor\" data-id=\"4b5372e7\" data-element_type=\"widget\" data-widget_type=\"text-editor.default\">\n\t\t\t\t\t\t\t\t\t<p>Din chans att g\u00e5 vidare &amp; g\u00f6ra m\u00e5nadens klipp<\/p>\t\t\t\t\t\t\t\t<\/div>\n\t\t\t\t<div class=\"elementor-element elementor-element-5dc57d66 elementor-mobile-align-center elementor-tablet-align-center elementor-button-success elementor-widget elementor-widget-button\" data-id=\"5dc57d66\" data-element_type=\"widget\" data-widget_type=\"button.default\">\n\t\t\t\t\t\t\t\t\t\t<a class=\"elementor-button elementor-button-link elementor-size-sm\" href=\"#\">\n\t\t\t\t\t\t<span class=\"elementor-button-content-wrapper\">\n\t\t\t\t\t\t\t\t\t<span class=\"elementor-button-text\">G\u00e5 Vidare<\/span>\n\t\t\t\t\t<\/span>\n\t\t\t\t\t<\/a>\n\t\t\t\t\t\t\t\t<\/div>\n\t\t\t\t<\/div>\n\t\t\t\t<\/div>\n\t\t<div class=\"elementor-element elementor-element-bcbd80d e-flex e-con-boxed e-con e-parent\" data-id=\"bcbd80d\" data-element_type=\"container\">\n\t\t\t\t\t<div class=\"e-con-inner\">\n\t\t\t\t<div class=\"elementor-element elementor-element-a4b03ac elementor-widget elementor-widget-heading\" data-id=\"a4b03ac\" data-element_type=\"widget\" data-widget_type=\"heading.default\">\n\t\t\t\t\t<h2 class=\"elementor-heading-title elementor-size-default\">V\u00e5ra B\u00e4sts\u00e4ljare<\/h2>\t\t\t\t<\/div>\n\t\t\t\t\t<\/div>\n\t\t\t\t<\/div>\n\t\t<div class=\"elementor-element elementor-element-3feee98 e-flex e-con-boxed e-con e-parent\" data-id=\"3feee98\" data-element_type=\"container\">\n\t\t\t\t\t<div class=\"e-con-inner\">\n\t\t\t\t<div class=\"elementor-element elementor-element-0c5dccc elementor-widget elementor-widget-heading\" data-id=\"0c5dccc\" data-element_type=\"widget\" data-widget_type=\"heading.default\">\n\t\t\t\t\t<h2 class=\"elementor-heading-title elementor-size-default\">Kundomd\u00f6men<\/h2>\t\t\t\t<\/div>\n\t\t\t\t\t<\/div>\n\t\t\t\t<\/div>\n\t\t<div class=\"elementor-element elementor-element-25304a5b e-flex e-con-boxed e-con e-parent\" data-id=\"25304a5b\" data-element_type=\"container\">\n\t\t\t\t\t<div class=\"e-con-inner\">\n\t\t<div class=\"elementor-element elementor-element-6dd2106b e-con-full e-flex e-con e-child\" data-id=\"6dd2106b\" data-element_type=\"container\">\n\t\t\t\t<div class=\"elementor-element elementor-element-6ef50239 elementor-widget__width-initial elementor-widget-tablet__width-inherit elementor-widget elementor-widget-testimonial\" data-id=\"6ef50239\" data-element_type=\"widget\" data-widget_type=\"testimonial.default\">\n\t\t\t\t\t\t\t<div class=\"elementor-testimonial-wrapper\">\n\t\t\t\t\t\t\t<div class=\"elementor-testimonial-content\">Jag \u00e4r v\u00e4ldigt n\u00f6jd med ringen fr\u00e5n CLShine. Deras service och kvalitet \u00f6vertr\u00e4ffade mina f\u00f6rv\u00e4ntningar. Ringen \u00e4r precis som jag \u00f6nskade, och jag f\u00e5r ofta komplimanger. Tack, CLShine!<\/div>\n\t\t\t\n\t\t\t\t\t\t<div class=\"elementor-testimonial-meta elementor-has-image elementor-testimonial-image-position-aside\">\n\t\t\t\t<div class=\"elementor-testimonial-meta-inner\">\n\t\t\t\t\t\t\t\t\t\t\t<div class=\"elementor-testimonial-image\">\n\t\t\t\t\t\t\t<img decoding=\"async\" width=\"1024\" height=\"1024\" src=\"https:\/\/clshine.se\/wp-content\/uploads\/2024\/09\/f7c3992c-4097-4b97-8d0d-e8172c8047c1.webp\" class=\"attachment-full size-full wp-image-1189\" alt=\"\" srcset=\"https:\/\/clshine.se\/wp-content\/uploads\/2024\/09\/f7c3992c-4097-4b97-8d0d-e8172c8047c1.webp 1024w, https:\/\/clshine.se\/wp-content\/uploads\/2024\/09\/f7c3992c-4097-4b97-8d0d-e8172c8047c1-150x150.webp 150w, https:\/\/clshine.se\/wp-content\/uploads\/2024\/09\/f7c3992c-4097-4b97-8d0d-e8172c8047c1-100x100.webp 100w, https:\/\/clshine.se\/wp-content\/uploads\/2024\/09\/f7c3992c-4097-4b97-8d0d-e8172c8047c1-500x500.webp 500w, https:\/\/clshine.se\/wp-content\/uploads\/2024\/09\/f7c3992c-4097-4b97-8d0d-e8172c8047c1-300x300.webp 300w, https:\/\/clshine.se\/wp-content\/uploads\/2024\/09\/f7c3992c-4097-4b97-8d0d-e8172c8047c1-768x768.webp 768w, https:\/\/clshine.se\/wp-content\/uploads\/2024\/09\/f7c3992c-4097-4b97-8d0d-e8172c8047c1-600x600.webp 600w\" sizes=\"(max-width: 1024px) 100vw, 1024px\" \/>\t\t\t\t\t\t<\/div>\n\t\t\t\t\t\n\t\t\t\t\t\t\t\t\t\t<div class=\"elementor-testimonial-details\">\n\t\t\t\t\t\t\t\t\t\t\t\t\t\t<div class=\"elementor-testimonial-name\">Johanna Svensson<\/div>\n\t\t\t\t\t\t\t\t\t\t\t\t\t\t\t\t\t\t\t<\/div>\n\t\t\t\t\t\t\t\t\t<\/div>\n\t\t\t<\/div>\n\t\t\t\t\t<\/div>\n\t\t\t\t\t\t<\/div>\n\t\t\t\t<div class=\"elementor-element elementor-element-7f9efe42 elementor-widget__width-initial elementor-widget-tablet__width-inherit elementor-widget elementor-widget-testimonial\" data-id=\"7f9efe42\" data-element_type=\"widget\" data-widget_type=\"testimonial.default\">\n\t\t\t\t\t\t\t<div class=\"elementor-testimonial-wrapper\">\n\t\t\t\t\t\t\t<div class=\"elementor-testimonial-content\">Jag gillar verkligen mitt halsband fr\u00e5n Clshine! Kvaliteten \u00e4r bra och det sitter perfekt. Kolla in deras stiliga och h\u00e5llbara smycken!<\/div>\n\t\t\t\n\t\t\t\t\t\t<div class=\"elementor-testimonial-meta elementor-has-image elementor-testimonial-image-position-aside\">\n\t\t\t\t<div class=\"elementor-testimonial-meta-inner\">\n\t\t\t\t\t\t\t\t\t\t\t<div class=\"elementor-testimonial-image\">\n\t\t\t\t\t\t\t<img decoding=\"async\" width=\"1024\" height=\"1024\" src=\"https:\/\/clshine.se\/wp-content\/uploads\/2024\/09\/fe099fb1-2dca-4322-84ab-7925a5f2bea3.webp\" class=\"attachment-full size-full wp-image-1190\" alt=\"\" srcset=\"https:\/\/clshine.se\/wp-content\/uploads\/2024\/09\/fe099fb1-2dca-4322-84ab-7925a5f2bea3.webp 1024w, https:\/\/clshine.se\/wp-content\/uploads\/2024\/09\/fe099fb1-2dca-4322-84ab-7925a5f2bea3-150x150.webp 150w, https:\/\/clshine.se\/wp-content\/uploads\/2024\/09\/fe099fb1-2dca-4322-84ab-7925a5f2bea3-100x100.webp 100w, https:\/\/clshine.se\/wp-content\/uploads\/2024\/09\/fe099fb1-2dca-4322-84ab-7925a5f2bea3-500x500.webp 500w, https:\/\/clshine.se\/wp-content\/uploads\/2024\/09\/fe099fb1-2dca-4322-84ab-7925a5f2bea3-300x300.webp 300w, https:\/\/clshine.se\/wp-content\/uploads\/2024\/09\/fe099fb1-2dca-4322-84ab-7925a5f2bea3-768x768.webp 768w, https:\/\/clshine.se\/wp-content\/uploads\/2024\/09\/fe099fb1-2dca-4322-84ab-7925a5f2bea3-600x600.webp 600w\" sizes=\"(max-width: 1024px) 100vw, 1024px\" \/>\t\t\t\t\t\t<\/div>\n\t\t\t\t\t\n\t\t\t\t\t\t\t\t\t\t<div class=\"elementor-testimonial-details\">\n\t\t\t\t\t\t\t\t\t\t\t\t\t\t<div class=\"elementor-testimonial-name\">Josefine Helgesson<\/div>\n\t\t\t\t\t\t\t\t\t\t\t\t\t\t\t\t\t\t\t<\/div>\n\t\t\t\t\t\t\t\t\t<\/div>\n\t\t\t<\/div>\n\t\t\t\t\t<\/div>\n\t\t\t\t\t\t<\/div>\n\t\t\t\t<div class=\"elementor-element elementor-element-e86b9c5 elementor-widget__width-initial elementor-widget-tablet__width-inherit elementor-widget elementor-widget-testimonial\" data-id=\"e86b9c5\" data-element_type=\"widget\" data-widget_type=\"testimonial.default\">\n\t\t\t\t\t\t\t<div class=\"elementor-testimonial-wrapper\">\n\t\t\t\t\t\t\t<div class=\"elementor-testimonial-content\">Jag \u00e4r supern\u00f6jd med mitt bling-bling fr\u00e5n Clshine! Kvaliteten \u00e4r grym och designen \u00e4r b\u00e5de fr\u00e4sch och tidl\u00f6s. Jag kan verkligen varmt rekommendera deras produkter!<\/div>\n\t\t\t\n\t\t\t\t\t\t<div class=\"elementor-testimonial-meta elementor-has-image elementor-testimonial-image-position-aside\">\n\t\t\t\t<div class=\"elementor-testimonial-meta-inner\">\n\t\t\t\t\t\t\t\t\t\t\t<div class=\"elementor-testimonial-image\">\n\t\t\t\t\t\t\t<img loading=\"lazy\" decoding=\"async\" width=\"1024\" height=\"1024\" src=\"https:\/\/clshine.se\/wp-content\/uploads\/2024\/09\/11.webp\" class=\"attachment-full size-full wp-image-1191\" alt=\"\" srcset=\"https:\/\/clshine.se\/wp-content\/uploads\/2024\/09\/11.webp 1024w, https:\/\/clshine.se\/wp-content\/uploads\/2024\/09\/11-150x150.jpg 150w, https:\/\/clshine.se\/wp-content\/uploads\/2024\/09\/11-100x100.webp 100w, https:\/\/clshine.se\/wp-content\/uploads\/2024\/09\/11-500x500.webp 500w, https:\/\/clshine.se\/wp-content\/uploads\/2024\/09\/11-300x300.webp 300w, https:\/\/clshine.se\/wp-content\/uploads\/2024\/09\/11-768x768.jpg 768w, https:\/\/clshine.se\/wp-content\/uploads\/2024\/09\/11-600x600.jpg 600w\" sizes=\"(max-width: 1024px) 100vw, 1024px\" \/>\t\t\t\t\t\t<\/div>\n\t\t\t\t\t\n\t\t\t\t\t\t\t\t\t\t<div class=\"elementor-testimonial-details\">\n\t\t\t\t\t\t\t\t\t\t\t\t\t\t<div class=\"elementor-testimonial-name\">Cristina Larsson<\/div>\n\t\t\t\t\t\t\t\t\t\t\t\t\t\t\t\t\t\t\t<\/div>\n\t\t\t\t\t\t\t\t\t<\/div>\n\t\t\t<\/div>\n\t\t\t\t\t<\/div>\n\t\t\t\t\t\t<\/div>\n\t\t\t\t<\/div>\n\t\t\t\t\t<\/div>\n\t\t\t\t<\/div>\n\t\t\t\t<\/div>\n\t\t","protected":false},"excerpt":{"rendered":"<p>M\u00e5nadens DEAL Din chans att g\u00e5 vidare &amp; g\u00f6ra m\u00e5nadens klipp G\u00e5 Vidare V\u00e5ra B\u00e4sts\u00e4ljare Kundomd\u00f6men Jag \u00e4r v\u00e4ldigt n\u00f6jd med ringen fr\u00e5n CLShine. Deras service och kvalitet \u00f6vertr\u00e4ffade mina f\u00f6rv\u00e4ntningar. Ringen \u00e4r precis som jag \u00f6nskade, och jag f\u00e5r ofta komplimanger. Tack, CLShine! Johanna Svensson Jag gillar verkligen mitt halsband fr\u00e5n Clshine! Kvaliteten \u00e4r [&hellip;]<\/p>\n","protected":false},"author":1,"featured_media":0,"parent":0,"menu_order":0,"comment_status":"closed","ping_status":"closed","template":"","meta":{"footnotes":""},"class_list":["post-38","page","type-page","status-publish","hentry","entry","owp-thumbs-layout-horizontal","owp-btn-big","owp-tabs-layout-vertical","has-no-thumbnails","has-product-nav","circle-sale"],"_links":{"self":[{"href":"https:\/\/clshine.se\/index.php\/wp-json\/wp\/v2\/pages\/38","targetHints":{"allow":["GET"]}}],"collection":[{"href":"https:\/\/clshine.se\/index.php\/wp-json\/wp\/v2\/pages"}],"about":[{"href":"https:\/\/clshine.se\/index.php\/wp-json\/wp\/v2\/types\/page"}],"author":[{"embeddable":true,"href":"https:\/\/clshine.se\/index.php\/wp-json\/wp\/v2\/users\/1"}],"replies":[{"embeddable":true,"href":"https:\/\/clshine.se\/index.php\/wp-json\/wp\/v2\/comments?post=38"}],"version-history":[{"count":160,"href":"https:\/\/clshine.se\/index.php\/wp-json\/wp\/v2\/pages\/38\/revisions"}],"predecessor-version":[{"id":1438,"href":"https:\/\/clshine.se\/index.php\/wp-json\/wp\/v2\/pages\/38\/revisions\/1438"}],"wp:attachment":[{"href":"https:\/\/clshine.se\/index.php\/wp-json\/wp\/v2\/media?parent=38"}],"curies":[{"name":"wp","href":"https:\/\/api.w.org\/{rel}","templated":true}]}}